{"id":1956,"date":"2021-09-28T12:36:16","date_gmt":"2021-09-28T12:36:16","guid":{"rendered":"https:\/\/www.sdapakuote.lt\/products\/auxiliary-packing-materials\/stropavimo-juostos\/"},"modified":"2022-08-24T12:04:02","modified_gmt":"2022-08-24T12:04:02","slug":"strapping-tapes","status":"publish","type":"page","link":"https:\/\/www.sdapakuote.lt\/en\/products\/auxiliary-packing-materials\/strapping-tapes\/","title":{"rendered":"Strapping tapes"},"content":{"rendered":"<p>&nbsp;<\/p>\n<p>&nbsp;<\/p>\n<p id=\"tw-target-text\" class=\"tw-data-text tw-text-large tw-ta\" dir=\"ltr\" data-placeholder=\"Translation\"><span class=\"Y2IQFc\" lang=\"en\">Wholesale of polypropylene strapping (binding) tapes.<\/span><\/p>\n<table style=\"border-collapse: collapse; width: 100%;\">\n<tbody>\n<tr>\n<td style=\"width: 25%; text-align: center;\">Colour<\/td>\n<td style=\"width: 25%; text-align: center;\">Width<\/td>\n<td style=\"width: 25%; text-align: center;\">Thickness<\/td>\n<td style=\"width: 25%; text-align: center;\">Length<\/td>\n<\/tr>\n<tr>\n<td style=\"width: 25%; text-align: center;\"><strong>White<\/strong><\/td>\n<td style=\"width: 25%; text-align: center;\"><strong>12 mm<\/strong><\/td>\n<td style=\"width: 25%; text-align: center;\"><strong>0,8 mm<\/strong><\/td>\n<td style=\"width: 25%; text-align: center;\"><strong>2000 m<\/strong><\/td>\n<\/tr>\n<tr>\n<td style=\"width: 25%; text-align: center;\"><strong>Black<\/strong><\/td>\n<td style=\"width: 25%; text-align: center;\"><strong>15 mm<\/strong><\/td>\n<td style=\"width: 25%; text-align: center;\"><strong>0,8 mm<\/strong><\/td>\n<td style=\"width: 25%; text-align: center;\"><strong>1700 m<\/strong><\/td>\n<\/tr>\n<\/tbody>\n<\/table>\n<p>&nbsp;<\/p>\n<p id=\"tw-target-text\" class=\"tw-data-text tw-text-large tw-ta\" dir=\"ltr\" data-placeholder=\"Translation\"><span class=\"Y2IQFc\" lang=\"en\">Strapping (binding) tapes are used to fasten products on pallets, when transporting heavy loads, stretch film is not enough, it is necessary to use tape for binding and fastening. Then there is 100% protection against cargo slipping and spillage.<\/span><\/p>\n","protected":false},"excerpt":{"rendered":"<p>&nbsp; &nbsp; Wholesale of polypropylene strapping (binding) tapes. Colour Width Thickness Length White 12 mm 0,8 mm 2000 m Black 15 mm 0,8 mm 1700 m &nbsp; Strapping (binding) tapes are used to fasten products on pallets, when transporting heavy loads, stretch film is not enough, it is necessary to use tape for binding and [&hellip;]<\/p>\n","protected":false},"author":2,"featured_media":1118,"parent":1901,"menu_order":0,"comment_status":"closed","ping_status":"closed","template":"page-single-product.php","meta":{"_acf_changed":false,"footnotes":""},"class_list":["post-1956","page","type-page","status-publish","has-post-thumbnail","hentry"],"acf":[],"yoast_head":"<!-- This site is optimized with the Yoast SEO plugin v27.5 - https:\/\/yoast.com\/product\/yoast-seo-wordpress\/ -->\n<title>Strapping tapes - sdapakuote.lt<\/title>\n<meta name=\"description\" content=\"Didmenin\u0117 prekyba polipropilenin\u0117mis stropavimo (ri\u0161imo) juostomis.\u00a0Ri\u0161imo juostos naudojamos produkcijos sutvirtinimui ant pale\u010di\u0173.\" \/>\n<meta name=\"robots\" content=\"index, follow, max-snippet:-1, max-image-preview:large, max-video-preview:-1\" \/>\n<link rel=\"canonical\" href=\"https:\/\/www.sdapakuote.lt\/en\/products\/auxiliary-packing-materials\/strapping-tapes\/\" \/>\n<meta property=\"og:locale\" content=\"en_US\" \/>\n<meta property=\"og:type\" content=\"article\" \/>\n<meta property=\"og:title\" content=\"Strapping tapes - sdapakuote.lt\" \/>\n<meta property=\"og:description\" content=\"Didmenin\u0117 prekyba polipropilenin\u0117mis stropavimo (ri\u0161imo) juostomis.\u00a0Ri\u0161imo juostos naudojamos produkcijos sutvirtinimui ant pale\u010di\u0173.\" \/>\n<meta property=\"og:url\" content=\"https:\/\/www.sdapakuote.lt\/en\/products\/auxiliary-packing-materials\/strapping-tapes\/\" \/>\n<meta property=\"og:site_name\" content=\"sdapakuote.lt\" \/>\n<meta property=\"article:modified_time\" content=\"2022-08-24T12:04:02+00:00\" \/>\n<meta property=\"og:image\" content=\"https:\/\/www.sdapakuote.lt\/wp-content\/uploads\/2021\/09\/stropavimo-juosta-scaled.jpg\" \/>\n\t<meta property=\"og:image:width\" content=\"2391\" \/>\n\t<meta property=\"og:image:height\" content=\"2560\" \/>\n\t<meta property=\"og:image:type\" content=\"image\/jpeg\" \/>\n<meta name=\"twitter:card\" content=\"summary_large_image\" \/>\n<script type=\"application\/ld+json\" class=\"yoast-schema-graph\">{\"@context\":\"https:\\\/\\\/schema.org\",\"@graph\":[{\"@type\":\"WebPage\",\"@id\":\"https:\\\/\\\/www.sdapakuote.lt\\\/en\\\/products\\\/auxiliary-packing-materials\\\/strapping-tapes\\\/\",\"url\":\"https:\\\/\\\/www.sdapakuote.lt\\\/en\\\/products\\\/auxiliary-packing-materials\\\/strapping-tapes\\\/\",\"name\":\"Strapping tapes - sdapakuote.lt\",\"isPartOf\":{\"@id\":\"https:\\\/\\\/www.sdapakuote.lt\\\/en\\\/#website\"},\"primaryImageOfPage\":{\"@id\":\"https:\\\/\\\/www.sdapakuote.lt\\\/en\\\/products\\\/auxiliary-packing-materials\\\/strapping-tapes\\\/#primaryimage\"},\"image\":{\"@id\":\"https:\\\/\\\/www.sdapakuote.lt\\\/en\\\/products\\\/auxiliary-packing-materials\\\/strapping-tapes\\\/#primaryimage\"},\"thumbnailUrl\":\"https:\\\/\\\/www.sdapakuote.lt\\\/wp-content\\\/uploads\\\/2021\\\/09\\\/stropavimo-juosta-scaled.jpg\",\"datePublished\":\"2021-09-28T12:36:16+00:00\",\"dateModified\":\"2022-08-24T12:04:02+00:00\",\"description\":\"Didmenin\u0117 prekyba polipropilenin\u0117mis stropavimo (ri\u0161imo) juostomis.\u00a0Ri\u0161imo juostos naudojamos produkcijos sutvirtinimui ant pale\u010di\u0173.\",\"breadcrumb\":{\"@id\":\"https:\\\/\\\/www.sdapakuote.lt\\\/en\\\/products\\\/auxiliary-packing-materials\\\/strapping-tapes\\\/#breadcrumb\"},\"inLanguage\":\"en-US\",\"potentialAction\":[{\"@type\":\"ReadAction\",\"target\":[\"https:\\\/\\\/www.sdapakuote.lt\\\/en\\\/products\\\/auxiliary-packing-materials\\\/strapping-tapes\\\/\"]}]},{\"@type\":\"ImageObject\",\"inLanguage\":\"en-US\",\"@id\":\"https:\\\/\\\/www.sdapakuote.lt\\\/en\\\/products\\\/auxiliary-packing-materials\\\/strapping-tapes\\\/#primaryimage\",\"url\":\"https:\\\/\\\/www.sdapakuote.lt\\\/wp-content\\\/uploads\\\/2021\\\/09\\\/stropavimo-juosta-scaled.jpg\",\"contentUrl\":\"https:\\\/\\\/www.sdapakuote.lt\\\/wp-content\\\/uploads\\\/2021\\\/09\\\/stropavimo-juosta-scaled.jpg\",\"width\":2391,\"height\":2560,\"caption\":\"Stropavimo ri\u0161imo juosta\"},{\"@type\":\"BreadcrumbList\",\"@id\":\"https:\\\/\\\/www.sdapakuote.lt\\\/en\\\/products\\\/auxiliary-packing-materials\\\/strapping-tapes\\\/#breadcrumb\",\"itemListElement\":[{\"@type\":\"ListItem\",\"position\":1,\"name\":\"Home\",\"item\":\"https:\\\/\\\/www.sdapakuote.lt\\\/en\\\/\"},{\"@type\":\"ListItem\",\"position\":2,\"name\":\"Products\",\"item\":\"https:\\\/\\\/www.sdapakuote.lt\\\/en\\\/products\\\/\"},{\"@type\":\"ListItem\",\"position\":3,\"name\":\"Auxiliary packing materials\",\"item\":\"https:\\\/\\\/www.sdapakuote.lt\\\/en\\\/products\\\/auxiliary-packing-materials\\\/\"},{\"@type\":\"ListItem\",\"position\":4,\"name\":\"Strapping tapes\"}]},{\"@type\":\"WebSite\",\"@id\":\"https:\\\/\\\/www.sdapakuote.lt\\\/en\\\/#website\",\"url\":\"https:\\\/\\\/www.sdapakuote.lt\\\/en\\\/\",\"name\":\"sdapakuote.lt\",\"description\":\"Kol kas tik dar vienas WordPress tinklalapis\",\"potentialAction\":[{\"@type\":\"SearchAction\",\"target\":{\"@type\":\"EntryPoint\",\"urlTemplate\":\"https:\\\/\\\/www.sdapakuote.lt\\\/en\\\/?s={search_term_string}\"},\"query-input\":{\"@type\":\"PropertyValueSpecification\",\"valueRequired\":true,\"valueName\":\"search_term_string\"}}],\"inLanguage\":\"en-US\"}]}<\/script>\n<!-- \/ Yoast SEO plugin. -->","yoast_head_json":{"title":"Strapping tapes - sdapakuote.lt","description":"Didmenin\u0117 prekyba polipropilenin\u0117mis stropavimo (ri\u0161imo) juostomis.\u00a0Ri\u0161imo juostos naudojamos produkcijos sutvirtinimui ant pale\u010di\u0173.","robots":{"index":"index","follow":"follow","max-snippet":"max-snippet:-1","max-image-preview":"max-image-preview:large","max-video-preview":"max-video-preview:-1"},"canonical":"https:\/\/www.sdapakuote.lt\/en\/products\/auxiliary-packing-materials\/strapping-tapes\/","og_locale":"en_US","og_type":"article","og_title":"Strapping tapes - sdapakuote.lt","og_description":"Didmenin\u0117 prekyba polipropilenin\u0117mis stropavimo (ri\u0161imo) juostomis.\u00a0Ri\u0161imo juostos naudojamos produkcijos sutvirtinimui ant pale\u010di\u0173.","og_url":"https:\/\/www.sdapakuote.lt\/en\/products\/auxiliary-packing-materials\/strapping-tapes\/","og_site_name":"sdapakuote.lt","article_modified_time":"2022-08-24T12:04:02+00:00","og_image":[{"width":2391,"height":2560,"url":"https:\/\/www.sdapakuote.lt\/wp-content\/uploads\/2021\/09\/stropavimo-juosta-scaled.jpg","type":"image\/jpeg"}],"twitter_card":"summary_large_image","schema":{"@context":"https:\/\/schema.org","@graph":[{"@type":"WebPage","@id":"https:\/\/www.sdapakuote.lt\/en\/products\/auxiliary-packing-materials\/strapping-tapes\/","url":"https:\/\/www.sdapakuote.lt\/en\/products\/auxiliary-packing-materials\/strapping-tapes\/","name":"Strapping tapes - sdapakuote.lt","isPartOf":{"@id":"https:\/\/www.sdapakuote.lt\/en\/#website"},"primaryImageOfPage":{"@id":"https:\/\/www.sdapakuote.lt\/en\/products\/auxiliary-packing-materials\/strapping-tapes\/#primaryimage"},"image":{"@id":"https:\/\/www.sdapakuote.lt\/en\/products\/auxiliary-packing-materials\/strapping-tapes\/#primaryimage"},"thumbnailUrl":"https:\/\/www.sdapakuote.lt\/wp-content\/uploads\/2021\/09\/stropavimo-juosta-scaled.jpg","datePublished":"2021-09-28T12:36:16+00:00","dateModified":"2022-08-24T12:04:02+00:00","description":"Didmenin\u0117 prekyba polipropilenin\u0117mis stropavimo (ri\u0161imo) juostomis.\u00a0Ri\u0161imo juostos naudojamos produkcijos sutvirtinimui ant pale\u010di\u0173.","breadcrumb":{"@id":"https:\/\/www.sdapakuote.lt\/en\/products\/auxiliary-packing-materials\/strapping-tapes\/#breadcrumb"},"inLanguage":"en-US","potentialAction":[{"@type":"ReadAction","target":["https:\/\/www.sdapakuote.lt\/en\/products\/auxiliary-packing-materials\/strapping-tapes\/"]}]},{"@type":"ImageObject","inLanguage":"en-US","@id":"https:\/\/www.sdapakuote.lt\/en\/products\/auxiliary-packing-materials\/strapping-tapes\/#primaryimage","url":"https:\/\/www.sdapakuote.lt\/wp-content\/uploads\/2021\/09\/stropavimo-juosta-scaled.jpg","contentUrl":"https:\/\/www.sdapakuote.lt\/wp-content\/uploads\/2021\/09\/stropavimo-juosta-scaled.jpg","width":2391,"height":2560,"caption":"Stropavimo ri\u0161imo juosta"},{"@type":"BreadcrumbList","@id":"https:\/\/www.sdapakuote.lt\/en\/products\/auxiliary-packing-materials\/strapping-tapes\/#breadcrumb","itemListElement":[{"@type":"ListItem","position":1,"name":"Home","item":"https:\/\/www.sdapakuote.lt\/en\/"},{"@type":"ListItem","position":2,"name":"Products","item":"https:\/\/www.sdapakuote.lt\/en\/products\/"},{"@type":"ListItem","position":3,"name":"Auxiliary packing materials","item":"https:\/\/www.sdapakuote.lt\/en\/products\/auxiliary-packing-materials\/"},{"@type":"ListItem","position":4,"name":"Strapping tapes"}]},{"@type":"WebSite","@id":"https:\/\/www.sdapakuote.lt\/en\/#website","url":"https:\/\/www.sdapakuote.lt\/en\/","name":"sdapakuote.lt","description":"Kol kas tik dar vienas WordPress tinklalapis","potentialAction":[{"@type":"SearchAction","target":{"@type":"EntryPoint","urlTemplate":"https:\/\/www.sdapakuote.lt\/en\/?s={search_term_string}"},"query-input":{"@type":"PropertyValueSpecification","valueRequired":true,"valueName":"search_term_string"}}],"inLanguage":"en-US"}]}},"_links":{"self":[{"href":"https:\/\/www.sdapakuote.lt\/en\/wp-json\/wp\/v2\/pages\/1956","targetHints":{"allow":["GET"]}}],"collection":[{"href":"https:\/\/www.sdapakuote.lt\/en\/wp-json\/wp\/v2\/pages"}],"about":[{"href":"https:\/\/www.sdapakuote.lt\/en\/wp-json\/wp\/v2\/types\/page"}],"author":[{"embeddable":true,"href":"https:\/\/www.sdapakuote.lt\/en\/wp-json\/wp\/v2\/users\/2"}],"replies":[{"embeddable":true,"href":"https:\/\/www.sdapakuote.lt\/en\/wp-json\/wp\/v2\/comments?post=1956"}],"version-history":[{"count":0,"href":"https:\/\/www.sdapakuote.lt\/en\/wp-json\/wp\/v2\/pages\/1956\/revisions"}],"up":[{"embeddable":true,"href":"https:\/\/www.sdapakuote.lt\/en\/wp-json\/wp\/v2\/pages\/1901"}],"wp:featuredmedia":[{"embeddable":true,"href":"https:\/\/www.sdapakuote.lt\/en\/wp-json\/wp\/v2\/media\/1118"}],"wp:attachment":[{"href":"https:\/\/www.sdapakuote.lt\/en\/wp-json\/wp\/v2\/media?parent=1956"}],"curies":[{"name":"wp","href":"https:\/\/api.w.org\/{rel}","templated":true}]}}