{"id":1951,"date":"2021-12-13T13:16:37","date_gmt":"2021-12-13T13:16:37","guid":{"rendered":"https:\/\/www.sdapakuote.lt\/products\/auxiliary-packing-materials\/medzio-drozles-pakuotes-uzpildams\/"},"modified":"2022-08-22T08:22:09","modified_gmt":"2022-08-22T08:22:09","slug":"wood-shavings-for-fillers","status":"publish","type":"page","link":"https:\/\/www.sdapakuote.lt\/en\/products\/auxiliary-packing-materials\/wood-shavings-for-fillers\/","title":{"rendered":"Wood shavings (for fillers)"},"content":{"rendered":"<p id=\"tw-target-text\" class=\"tw-data-text tw-text-large tw-ta\" dir=\"ltr\" data-placeholder=\"Translation\"><span class=\"Y2IQFc\" lang=\"en\">We sell wood shavings (light color) for filling packages and gifts. Wood shavings are sold in boxes of 1 kg and in packages of 50 g. We can pack the chips according to your desired weight.<\/span><\/p>\n<p id=\"tw-target-text\" class=\"tw-data-text tw-text-large tw-ta\" dir=\"ltr\" data-placeholder=\"Translation\"><span class=\"Y2IQFc\" lang=\"en\">Standard packages, in retail quantities, can be purchased in our online store. For larger or non-standard quantities, contact us by e-mail: komercija@sdapakuote.lt<\/span><\/p>\n","protected":false},"excerpt":{"rendered":"<p>We sell wood shavings (light color) for filling packages and gifts. Wood shavings are sold in boxes of 1 kg and in packages of 50 g. We can pack the chips according to your desired weight. Standard packages, in retail quantities, can be purchased in our online store. For larger or non-standard quantities, contact us [&hellip;]<\/p>\n","protected":false},"author":2,"featured_media":1351,"parent":1901,"menu_order":0,"comment_status":"closed","ping_status":"closed","template":"page-single-product.php","meta":{"_acf_changed":false,"footnotes":""},"class_list":["post-1951","page","type-page","status-publish","has-post-thumbnail","hentry"],"acf":[],"yoast_head":"<!-- This site is optimized with the Yoast SEO plugin v27.5 - https:\/\/yoast.com\/product\/yoast-seo-wordpress\/ -->\n<title>Wood shavings (for fillers) - sdapakuote.lt<\/title>\n<meta name=\"description\" content=\"Prekiaujame med\u017eio dro\u017el\u0117mis ( \u0161viesios spalvos)\u00a0 pakuo\u010di\u0173, dovan\u0173 u\u017epildymui. Prekiaujame d\u0117\u017e\u0117mis po 1kg, bei pakuot\u0117mis po 50g\" \/>\n<meta name=\"robots\" content=\"index, follow, max-snippet:-1, max-image-preview:large, max-video-preview:-1\" \/>\n<link rel=\"canonical\" href=\"https:\/\/www.sdapakuote.lt\/en\/products\/auxiliary-packing-materials\/wood-shavings-for-fillers\/\" \/>\n<meta property=\"og:locale\" content=\"en_US\" \/>\n<meta property=\"og:type\" content=\"article\" \/>\n<meta property=\"og:title\" content=\"Wood shavings (for fillers) - sdapakuote.lt\" \/>\n<meta property=\"og:description\" content=\"Prekiaujame med\u017eio dro\u017el\u0117mis ( \u0161viesios spalvos)\u00a0 pakuo\u010di\u0173, dovan\u0173 u\u017epildymui. Prekiaujame d\u0117\u017e\u0117mis po 1kg, bei pakuot\u0117mis po 50g\" \/>\n<meta property=\"og:url\" content=\"https:\/\/www.sdapakuote.lt\/en\/products\/auxiliary-packing-materials\/wood-shavings-for-fillers\/\" \/>\n<meta property=\"og:site_name\" content=\"sdapakuote.lt\" \/>\n<meta property=\"article:modified_time\" content=\"2022-08-22T08:22:09+00:00\" \/>\n<meta property=\"og:image\" content=\"https:\/\/www.sdapakuote.lt\/wp-content\/uploads\/2021\/12\/Medzio-drozles-pakavimui-1024x921.jpg\" \/>\n\t<meta property=\"og:image:width\" content=\"1024\" \/>\n\t<meta property=\"og:image:height\" content=\"921\" \/>\n\t<meta property=\"og:image:type\" content=\"image\/jpeg\" \/>\n<meta name=\"twitter:card\" content=\"summary_large_image\" \/>\n<script type=\"application\/ld+json\" class=\"yoast-schema-graph\">{\"@context\":\"https:\\\/\\\/schema.org\",\"@graph\":[{\"@type\":\"WebPage\",\"@id\":\"https:\\\/\\\/www.sdapakuote.lt\\\/en\\\/products\\\/auxiliary-packing-materials\\\/wood-shavings-for-fillers\\\/\",\"url\":\"https:\\\/\\\/www.sdapakuote.lt\\\/en\\\/products\\\/auxiliary-packing-materials\\\/wood-shavings-for-fillers\\\/\",\"name\":\"Wood shavings (for fillers) - sdapakuote.lt\",\"isPartOf\":{\"@id\":\"https:\\\/\\\/www.sdapakuote.lt\\\/en\\\/#website\"},\"primaryImageOfPage\":{\"@id\":\"https:\\\/\\\/www.sdapakuote.lt\\\/en\\\/products\\\/auxiliary-packing-materials\\\/wood-shavings-for-fillers\\\/#primaryimage\"},\"image\":{\"@id\":\"https:\\\/\\\/www.sdapakuote.lt\\\/en\\\/products\\\/auxiliary-packing-materials\\\/wood-shavings-for-fillers\\\/#primaryimage\"},\"thumbnailUrl\":\"https:\\\/\\\/www.sdapakuote.lt\\\/wp-content\\\/uploads\\\/2021\\\/12\\\/Medzio-drozles-pakavimui.jpg\",\"datePublished\":\"2021-12-13T13:16:37+00:00\",\"dateModified\":\"2022-08-22T08:22:09+00:00\",\"description\":\"Prekiaujame med\u017eio dro\u017el\u0117mis ( \u0161viesios spalvos)\u00a0 pakuo\u010di\u0173, dovan\u0173 u\u017epildymui. Prekiaujame d\u0117\u017e\u0117mis po 1kg, bei pakuot\u0117mis po 50g\",\"breadcrumb\":{\"@id\":\"https:\\\/\\\/www.sdapakuote.lt\\\/en\\\/products\\\/auxiliary-packing-materials\\\/wood-shavings-for-fillers\\\/#breadcrumb\"},\"inLanguage\":\"en-US\",\"potentialAction\":[{\"@type\":\"ReadAction\",\"target\":[\"https:\\\/\\\/www.sdapakuote.lt\\\/en\\\/products\\\/auxiliary-packing-materials\\\/wood-shavings-for-fillers\\\/\"]}]},{\"@type\":\"ImageObject\",\"inLanguage\":\"en-US\",\"@id\":\"https:\\\/\\\/www.sdapakuote.lt\\\/en\\\/products\\\/auxiliary-packing-materials\\\/wood-shavings-for-fillers\\\/#primaryimage\",\"url\":\"https:\\\/\\\/www.sdapakuote.lt\\\/wp-content\\\/uploads\\\/2021\\\/12\\\/Medzio-drozles-pakavimui.jpg\",\"contentUrl\":\"https:\\\/\\\/www.sdapakuote.lt\\\/wp-content\\\/uploads\\\/2021\\\/12\\\/Medzio-drozles-pakavimui.jpg\",\"width\":2070,\"height\":1862},{\"@type\":\"BreadcrumbList\",\"@id\":\"https:\\\/\\\/www.sdapakuote.lt\\\/en\\\/products\\\/auxiliary-packing-materials\\\/wood-shavings-for-fillers\\\/#breadcrumb\",\"itemListElement\":[{\"@type\":\"ListItem\",\"position\":1,\"name\":\"Home\",\"item\":\"https:\\\/\\\/www.sdapakuote.lt\\\/en\\\/\"},{\"@type\":\"ListItem\",\"position\":2,\"name\":\"Products\",\"item\":\"https:\\\/\\\/www.sdapakuote.lt\\\/en\\\/products\\\/\"},{\"@type\":\"ListItem\",\"position\":3,\"name\":\"Auxiliary packing materials\",\"item\":\"https:\\\/\\\/www.sdapakuote.lt\\\/en\\\/products\\\/auxiliary-packing-materials\\\/\"},{\"@type\":\"ListItem\",\"position\":4,\"name\":\"Wood shavings (for fillers)\"}]},{\"@type\":\"WebSite\",\"@id\":\"https:\\\/\\\/www.sdapakuote.lt\\\/en\\\/#website\",\"url\":\"https:\\\/\\\/www.sdapakuote.lt\\\/en\\\/\",\"name\":\"sdapakuote.lt\",\"description\":\"Kol kas tik dar vienas WordPress tinklalapis\",\"potentialAction\":[{\"@type\":\"SearchAction\",\"target\":{\"@type\":\"EntryPoint\",\"urlTemplate\":\"https:\\\/\\\/www.sdapakuote.lt\\\/en\\\/?s={search_term_string}\"},\"query-input\":{\"@type\":\"PropertyValueSpecification\",\"valueRequired\":true,\"valueName\":\"search_term_string\"}}],\"inLanguage\":\"en-US\"}]}<\/script>\n<!-- \/ Yoast SEO plugin. -->","yoast_head_json":{"title":"Wood shavings (for fillers) - sdapakuote.lt","description":"Prekiaujame med\u017eio dro\u017el\u0117mis ( \u0161viesios spalvos)\u00a0 pakuo\u010di\u0173, dovan\u0173 u\u017epildymui. Prekiaujame d\u0117\u017e\u0117mis po 1kg, bei pakuot\u0117mis po 50g","robots":{"index":"index","follow":"follow","max-snippet":"max-snippet:-1","max-image-preview":"max-image-preview:large","max-video-preview":"max-video-preview:-1"},"canonical":"https:\/\/www.sdapakuote.lt\/en\/products\/auxiliary-packing-materials\/wood-shavings-for-fillers\/","og_locale":"en_US","og_type":"article","og_title":"Wood shavings (for fillers) - sdapakuote.lt","og_description":"Prekiaujame med\u017eio dro\u017el\u0117mis ( \u0161viesios spalvos)\u00a0 pakuo\u010di\u0173, dovan\u0173 u\u017epildymui. Prekiaujame d\u0117\u017e\u0117mis po 1kg, bei pakuot\u0117mis po 50g","og_url":"https:\/\/www.sdapakuote.lt\/en\/products\/auxiliary-packing-materials\/wood-shavings-for-fillers\/","og_site_name":"sdapakuote.lt","article_modified_time":"2022-08-22T08:22:09+00:00","og_image":[{"width":1024,"height":921,"url":"https:\/\/www.sdapakuote.lt\/wp-content\/uploads\/2021\/12\/Medzio-drozles-pakavimui-1024x921.jpg","type":"image\/jpeg"}],"twitter_card":"summary_large_image","schema":{"@context":"https:\/\/schema.org","@graph":[{"@type":"WebPage","@id":"https:\/\/www.sdapakuote.lt\/en\/products\/auxiliary-packing-materials\/wood-shavings-for-fillers\/","url":"https:\/\/www.sdapakuote.lt\/en\/products\/auxiliary-packing-materials\/wood-shavings-for-fillers\/","name":"Wood shavings (for fillers) - sdapakuote.lt","isPartOf":{"@id":"https:\/\/www.sdapakuote.lt\/en\/#website"},"primaryImageOfPage":{"@id":"https:\/\/www.sdapakuote.lt\/en\/products\/auxiliary-packing-materials\/wood-shavings-for-fillers\/#primaryimage"},"image":{"@id":"https:\/\/www.sdapakuote.lt\/en\/products\/auxiliary-packing-materials\/wood-shavings-for-fillers\/#primaryimage"},"thumbnailUrl":"https:\/\/www.sdapakuote.lt\/wp-content\/uploads\/2021\/12\/Medzio-drozles-pakavimui.jpg","datePublished":"2021-12-13T13:16:37+00:00","dateModified":"2022-08-22T08:22:09+00:00","description":"Prekiaujame med\u017eio dro\u017el\u0117mis ( \u0161viesios spalvos)\u00a0 pakuo\u010di\u0173, dovan\u0173 u\u017epildymui. Prekiaujame d\u0117\u017e\u0117mis po 1kg, bei pakuot\u0117mis po 50g","breadcrumb":{"@id":"https:\/\/www.sdapakuote.lt\/en\/products\/auxiliary-packing-materials\/wood-shavings-for-fillers\/#breadcrumb"},"inLanguage":"en-US","potentialAction":[{"@type":"ReadAction","target":["https:\/\/www.sdapakuote.lt\/en\/products\/auxiliary-packing-materials\/wood-shavings-for-fillers\/"]}]},{"@type":"ImageObject","inLanguage":"en-US","@id":"https:\/\/www.sdapakuote.lt\/en\/products\/auxiliary-packing-materials\/wood-shavings-for-fillers\/#primaryimage","url":"https:\/\/www.sdapakuote.lt\/wp-content\/uploads\/2021\/12\/Medzio-drozles-pakavimui.jpg","contentUrl":"https:\/\/www.sdapakuote.lt\/wp-content\/uploads\/2021\/12\/Medzio-drozles-pakavimui.jpg","width":2070,"height":1862},{"@type":"BreadcrumbList","@id":"https:\/\/www.sdapakuote.lt\/en\/products\/auxiliary-packing-materials\/wood-shavings-for-fillers\/#breadcrumb","itemListElement":[{"@type":"ListItem","position":1,"name":"Home","item":"https:\/\/www.sdapakuote.lt\/en\/"},{"@type":"ListItem","position":2,"name":"Products","item":"https:\/\/www.sdapakuote.lt\/en\/products\/"},{"@type":"ListItem","position":3,"name":"Auxiliary packing materials","item":"https:\/\/www.sdapakuote.lt\/en\/products\/auxiliary-packing-materials\/"},{"@type":"ListItem","position":4,"name":"Wood shavings (for fillers)"}]},{"@type":"WebSite","@id":"https:\/\/www.sdapakuote.lt\/en\/#website","url":"https:\/\/www.sdapakuote.lt\/en\/","name":"sdapakuote.lt","description":"Kol kas tik dar vienas WordPress tinklalapis","potentialAction":[{"@type":"SearchAction","target":{"@type":"EntryPoint","urlTemplate":"https:\/\/www.sdapakuote.lt\/en\/?s={search_term_string}"},"query-input":{"@type":"PropertyValueSpecification","valueRequired":true,"valueName":"search_term_string"}}],"inLanguage":"en-US"}]}},"_links":{"self":[{"href":"https:\/\/www.sdapakuote.lt\/en\/wp-json\/wp\/v2\/pages\/1951","targetHints":{"allow":["GET"]}}],"collection":[{"href":"https:\/\/www.sdapakuote.lt\/en\/wp-json\/wp\/v2\/pages"}],"about":[{"href":"https:\/\/www.sdapakuote.lt\/en\/wp-json\/wp\/v2\/types\/page"}],"author":[{"embeddable":true,"href":"https:\/\/www.sdapakuote.lt\/en\/wp-json\/wp\/v2\/users\/2"}],"replies":[{"embeddable":true,"href":"https:\/\/www.sdapakuote.lt\/en\/wp-json\/wp\/v2\/comments?post=1951"}],"version-history":[{"count":0,"href":"https:\/\/www.sdapakuote.lt\/en\/wp-json\/wp\/v2\/pages\/1951\/revisions"}],"up":[{"embeddable":true,"href":"https:\/\/www.sdapakuote.lt\/en\/wp-json\/wp\/v2\/pages\/1901"}],"wp:featuredmedia":[{"embeddable":true,"href":"https:\/\/www.sdapakuote.lt\/en\/wp-json\/wp\/v2\/media\/1351"}],"wp:attachment":[{"href":"https:\/\/www.sdapakuote.lt\/en\/wp-json\/wp\/v2\/media?parent=1951"}],"curies":[{"name":"wp","href":"https:\/\/api.w.org\/{rel}","templated":true}]}}