{"id":1947,"date":"2021-09-27T07:09:07","date_gmt":"2021-09-27T07:09:07","guid":{"rendered":"https:\/\/www.sdapakuote.lt\/products\/auxiliary-packing-materials\/lipnios-juostos\/"},"modified":"2022-08-22T08:14:03","modified_gmt":"2022-08-22T08:14:03","slug":"adhesive-tapes","status":"publish","type":"page","link":"https:\/\/www.sdapakuote.lt\/en\/products\/auxiliary-packing-materials\/adhesive-tapes\/","title":{"rendered":"Adhesive tapes"},"content":{"rendered":"<p>&nbsp;<\/p>\n<p id=\"tw-target-text\" class=\"tw-data-text tw-text-large tw-ta\" dir=\"ltr\" data-placeholder=\"Translation\"><span class=\"Y2IQFc\" lang=\"en\">Wholesale of adhesive tapes. We sell tapes based on <strong>SOLVENT<\/strong> glue and <strong>ACRYLIC<\/strong> glue. Various colors are available. The width of the adhesive tapes we sell is 48 mm x 66 meters long.<\/span><\/p>\n<p id=\"tw-target-text\" class=\"tw-data-text tw-text-large tw-ta\" dir=\"ltr\" data-placeholder=\"Translation\"><span class=\"Y2IQFc\" lang=\"en\">Adhesive tapes based on SOLVENT glue &#8211; when the environment is dusty, the surfaces to be glued are dirty or greasy, we recommend using these adhesive tapes. They are resistant to minus temperatures. However, it is not resistant to ultraviolet rays. Not recommended for outdoor use.<\/span><\/p>\n<p>Adhesive tapes based on <strong>ACRYLIC<\/strong> glue &#8211; This type of adhesive tape is recommended when long-term storage is planned, it maintains transparency, does not turn yellow, and adheres well to recycled cardboard. Economical solution compared to other types of adhesive tapes. However, it retains its properties only at plus temperatures.<\/p>\n<p id=\"tw-target-text\" class=\"tw-data-text tw-text-large tw-ta\" dir=\"ltr\" data-placeholder=\"Translation\"><span class=\"Y2IQFc\" lang=\"en\">You can buy these products in retail quantities in our online store.<\/span><\/p>\n","protected":false},"excerpt":{"rendered":"<p>&nbsp; Wholesale of adhesive tapes. We sell tapes based on SOLVENT glue and ACRYLIC glue. Various colors are available. The width of the adhesive tapes we sell is 48 mm x 66 meters long. Adhesive tapes based on SOLVENT glue &#8211; when the environment is dusty, the surfaces to be glued are dirty or greasy, [&hellip;]<\/p>\n","protected":false},"author":1,"featured_media":1271,"parent":1901,"menu_order":0,"comment_status":"closed","ping_status":"closed","template":"page-single-product.php","meta":{"_acf_changed":false,"footnotes":""},"class_list":["post-1947","page","type-page","status-publish","has-post-thumbnail","hentry"],"acf":[],"yoast_head":"<!-- This site is optimized with the Yoast SEO plugin v27.5 - https:\/\/yoast.com\/product\/yoast-seo-wordpress\/ -->\n<title>Adhesive tapes - sdapakuote.lt<\/title>\n<meta name=\"description\" content=\"Didmenin\u0117 prekyba lipniomis juostomis. Prekiaujame SOLVENT klij\u0173 pagrindu, bei ACRIL klij\u0173 pagrindu juostas. Galimos \u012fvairios spalvos.\" \/>\n<meta name=\"robots\" content=\"index, follow, max-snippet:-1, max-image-preview:large, max-video-preview:-1\" \/>\n<link rel=\"canonical\" href=\"https:\/\/www.sdapakuote.lt\/en\/products\/auxiliary-packing-materials\/adhesive-tapes\/\" \/>\n<meta property=\"og:locale\" content=\"en_US\" \/>\n<meta property=\"og:type\" content=\"article\" \/>\n<meta property=\"og:title\" content=\"Adhesive tapes - sdapakuote.lt\" \/>\n<meta property=\"og:description\" content=\"Didmenin\u0117 prekyba lipniomis juostomis. Prekiaujame SOLVENT klij\u0173 pagrindu, bei ACRIL klij\u0173 pagrindu juostas. Galimos \u012fvairios spalvos.\" \/>\n<meta property=\"og:url\" content=\"https:\/\/www.sdapakuote.lt\/en\/products\/auxiliary-packing-materials\/adhesive-tapes\/\" \/>\n<meta property=\"og:site_name\" content=\"sdapakuote.lt\" \/>\n<meta property=\"article:modified_time\" content=\"2022-08-22T08:14:03+00:00\" \/>\n<meta property=\"og:image\" content=\"https:\/\/www.sdapakuote.lt\/wp-content\/uploads\/2021\/09\/Lipnios-juostos-1024x922.jpg\" \/>\n\t<meta property=\"og:image:width\" content=\"1024\" \/>\n\t<meta property=\"og:image:height\" content=\"922\" \/>\n\t<meta property=\"og:image:type\" content=\"image\/jpeg\" \/>\n<meta name=\"twitter:card\" content=\"summary_large_image\" \/>\n<meta name=\"twitter:label1\" content=\"Est. reading time\" \/>\n\t<meta name=\"twitter:data1\" content=\"1 minute\" \/>\n<script type=\"application\/ld+json\" class=\"yoast-schema-graph\">{\"@context\":\"https:\\\/\\\/schema.org\",\"@graph\":[{\"@type\":\"WebPage\",\"@id\":\"https:\\\/\\\/www.sdapakuote.lt\\\/en\\\/products\\\/auxiliary-packing-materials\\\/adhesive-tapes\\\/\",\"url\":\"https:\\\/\\\/www.sdapakuote.lt\\\/en\\\/products\\\/auxiliary-packing-materials\\\/adhesive-tapes\\\/\",\"name\":\"Adhesive tapes - sdapakuote.lt\",\"isPartOf\":{\"@id\":\"https:\\\/\\\/www.sdapakuote.lt\\\/en\\\/#website\"},\"primaryImageOfPage\":{\"@id\":\"https:\\\/\\\/www.sdapakuote.lt\\\/en\\\/products\\\/auxiliary-packing-materials\\\/adhesive-tapes\\\/#primaryimage\"},\"image\":{\"@id\":\"https:\\\/\\\/www.sdapakuote.lt\\\/en\\\/products\\\/auxiliary-packing-materials\\\/adhesive-tapes\\\/#primaryimage\"},\"thumbnailUrl\":\"https:\\\/\\\/www.sdapakuote.lt\\\/wp-content\\\/uploads\\\/2021\\\/09\\\/Lipnios-juostos.jpg\",\"datePublished\":\"2021-09-27T07:09:07+00:00\",\"dateModified\":\"2022-08-22T08:14:03+00:00\",\"description\":\"Didmenin\u0117 prekyba lipniomis juostomis. Prekiaujame SOLVENT klij\u0173 pagrindu, bei ACRIL klij\u0173 pagrindu juostas. Galimos \u012fvairios spalvos.\",\"breadcrumb\":{\"@id\":\"https:\\\/\\\/www.sdapakuote.lt\\\/en\\\/products\\\/auxiliary-packing-materials\\\/adhesive-tapes\\\/#breadcrumb\"},\"inLanguage\":\"en-US\",\"potentialAction\":[{\"@type\":\"ReadAction\",\"target\":[\"https:\\\/\\\/www.sdapakuote.lt\\\/en\\\/products\\\/auxiliary-packing-materials\\\/adhesive-tapes\\\/\"]}]},{\"@type\":\"ImageObject\",\"inLanguage\":\"en-US\",\"@id\":\"https:\\\/\\\/www.sdapakuote.lt\\\/en\\\/products\\\/auxiliary-packing-materials\\\/adhesive-tapes\\\/#primaryimage\",\"url\":\"https:\\\/\\\/www.sdapakuote.lt\\\/wp-content\\\/uploads\\\/2021\\\/09\\\/Lipnios-juostos.jpg\",\"contentUrl\":\"https:\\\/\\\/www.sdapakuote.lt\\\/wp-content\\\/uploads\\\/2021\\\/09\\\/Lipnios-juostos.jpg\",\"width\":2304,\"height\":2074,\"caption\":\"Lipnios juostos\"},{\"@type\":\"BreadcrumbList\",\"@id\":\"https:\\\/\\\/www.sdapakuote.lt\\\/en\\\/products\\\/auxiliary-packing-materials\\\/adhesive-tapes\\\/#breadcrumb\",\"itemListElement\":[{\"@type\":\"ListItem\",\"position\":1,\"name\":\"Home\",\"item\":\"https:\\\/\\\/www.sdapakuote.lt\\\/en\\\/\"},{\"@type\":\"ListItem\",\"position\":2,\"name\":\"Products\",\"item\":\"https:\\\/\\\/www.sdapakuote.lt\\\/en\\\/products\\\/\"},{\"@type\":\"ListItem\",\"position\":3,\"name\":\"Auxiliary packing materials\",\"item\":\"https:\\\/\\\/www.sdapakuote.lt\\\/en\\\/products\\\/auxiliary-packing-materials\\\/\"},{\"@type\":\"ListItem\",\"position\":4,\"name\":\"Adhesive tapes\"}]},{\"@type\":\"WebSite\",\"@id\":\"https:\\\/\\\/www.sdapakuote.lt\\\/en\\\/#website\",\"url\":\"https:\\\/\\\/www.sdapakuote.lt\\\/en\\\/\",\"name\":\"sdapakuote.lt\",\"description\":\"Kol kas tik dar vienas WordPress tinklalapis\",\"potentialAction\":[{\"@type\":\"SearchAction\",\"target\":{\"@type\":\"EntryPoint\",\"urlTemplate\":\"https:\\\/\\\/www.sdapakuote.lt\\\/en\\\/?s={search_term_string}\"},\"query-input\":{\"@type\":\"PropertyValueSpecification\",\"valueRequired\":true,\"valueName\":\"search_term_string\"}}],\"inLanguage\":\"en-US\"}]}<\/script>\n<!-- \/ Yoast SEO plugin. -->","yoast_head_json":{"title":"Adhesive tapes - sdapakuote.lt","description":"Didmenin\u0117 prekyba lipniomis juostomis. Prekiaujame SOLVENT klij\u0173 pagrindu, bei ACRIL klij\u0173 pagrindu juostas. Galimos \u012fvairios spalvos.","robots":{"index":"index","follow":"follow","max-snippet":"max-snippet:-1","max-image-preview":"max-image-preview:large","max-video-preview":"max-video-preview:-1"},"canonical":"https:\/\/www.sdapakuote.lt\/en\/products\/auxiliary-packing-materials\/adhesive-tapes\/","og_locale":"en_US","og_type":"article","og_title":"Adhesive tapes - sdapakuote.lt","og_description":"Didmenin\u0117 prekyba lipniomis juostomis. Prekiaujame SOLVENT klij\u0173 pagrindu, bei ACRIL klij\u0173 pagrindu juostas. Galimos \u012fvairios spalvos.","og_url":"https:\/\/www.sdapakuote.lt\/en\/products\/auxiliary-packing-materials\/adhesive-tapes\/","og_site_name":"sdapakuote.lt","article_modified_time":"2022-08-22T08:14:03+00:00","og_image":[{"width":1024,"height":922,"url":"https:\/\/www.sdapakuote.lt\/wp-content\/uploads\/2021\/09\/Lipnios-juostos-1024x922.jpg","type":"image\/jpeg"}],"twitter_card":"summary_large_image","twitter_misc":{"Est. reading time":"1 minute"},"schema":{"@context":"https:\/\/schema.org","@graph":[{"@type":"WebPage","@id":"https:\/\/www.sdapakuote.lt\/en\/products\/auxiliary-packing-materials\/adhesive-tapes\/","url":"https:\/\/www.sdapakuote.lt\/en\/products\/auxiliary-packing-materials\/adhesive-tapes\/","name":"Adhesive tapes - sdapakuote.lt","isPartOf":{"@id":"https:\/\/www.sdapakuote.lt\/en\/#website"},"primaryImageOfPage":{"@id":"https:\/\/www.sdapakuote.lt\/en\/products\/auxiliary-packing-materials\/adhesive-tapes\/#primaryimage"},"image":{"@id":"https:\/\/www.sdapakuote.lt\/en\/products\/auxiliary-packing-materials\/adhesive-tapes\/#primaryimage"},"thumbnailUrl":"https:\/\/www.sdapakuote.lt\/wp-content\/uploads\/2021\/09\/Lipnios-juostos.jpg","datePublished":"2021-09-27T07:09:07+00:00","dateModified":"2022-08-22T08:14:03+00:00","description":"Didmenin\u0117 prekyba lipniomis juostomis. Prekiaujame SOLVENT klij\u0173 pagrindu, bei ACRIL klij\u0173 pagrindu juostas. Galimos \u012fvairios spalvos.","breadcrumb":{"@id":"https:\/\/www.sdapakuote.lt\/en\/products\/auxiliary-packing-materials\/adhesive-tapes\/#breadcrumb"},"inLanguage":"en-US","potentialAction":[{"@type":"ReadAction","target":["https:\/\/www.sdapakuote.lt\/en\/products\/auxiliary-packing-materials\/adhesive-tapes\/"]}]},{"@type":"ImageObject","inLanguage":"en-US","@id":"https:\/\/www.sdapakuote.lt\/en\/products\/auxiliary-packing-materials\/adhesive-tapes\/#primaryimage","url":"https:\/\/www.sdapakuote.lt\/wp-content\/uploads\/2021\/09\/Lipnios-juostos.jpg","contentUrl":"https:\/\/www.sdapakuote.lt\/wp-content\/uploads\/2021\/09\/Lipnios-juostos.jpg","width":2304,"height":2074,"caption":"Lipnios juostos"},{"@type":"BreadcrumbList","@id":"https:\/\/www.sdapakuote.lt\/en\/products\/auxiliary-packing-materials\/adhesive-tapes\/#breadcrumb","itemListElement":[{"@type":"ListItem","position":1,"name":"Home","item":"https:\/\/www.sdapakuote.lt\/en\/"},{"@type":"ListItem","position":2,"name":"Products","item":"https:\/\/www.sdapakuote.lt\/en\/products\/"},{"@type":"ListItem","position":3,"name":"Auxiliary packing materials","item":"https:\/\/www.sdapakuote.lt\/en\/products\/auxiliary-packing-materials\/"},{"@type":"ListItem","position":4,"name":"Adhesive tapes"}]},{"@type":"WebSite","@id":"https:\/\/www.sdapakuote.lt\/en\/#website","url":"https:\/\/www.sdapakuote.lt\/en\/","name":"sdapakuote.lt","description":"Kol kas tik dar vienas WordPress tinklalapis","potentialAction":[{"@type":"SearchAction","target":{"@type":"EntryPoint","urlTemplate":"https:\/\/www.sdapakuote.lt\/en\/?s={search_term_string}"},"query-input":{"@type":"PropertyValueSpecification","valueRequired":true,"valueName":"search_term_string"}}],"inLanguage":"en-US"}]}},"_links":{"self":[{"href":"https:\/\/www.sdapakuote.lt\/en\/wp-json\/wp\/v2\/pages\/1947","targetHints":{"allow":["GET"]}}],"collection":[{"href":"https:\/\/www.sdapakuote.lt\/en\/wp-json\/wp\/v2\/pages"}],"about":[{"href":"https:\/\/www.sdapakuote.lt\/en\/wp-json\/wp\/v2\/types\/page"}],"author":[{"embeddable":true,"href":"https:\/\/www.sdapakuote.lt\/en\/wp-json\/wp\/v2\/users\/1"}],"replies":[{"embeddable":true,"href":"https:\/\/www.sdapakuote.lt\/en\/wp-json\/wp\/v2\/comments?post=1947"}],"version-history":[{"count":0,"href":"https:\/\/www.sdapakuote.lt\/en\/wp-json\/wp\/v2\/pages\/1947\/revisions"}],"up":[{"embeddable":true,"href":"https:\/\/www.sdapakuote.lt\/en\/wp-json\/wp\/v2\/pages\/1901"}],"wp:featuredmedia":[{"embeddable":true,"href":"https:\/\/www.sdapakuote.lt\/en\/wp-json\/wp\/v2\/media\/1271"}],"wp:attachment":[{"href":"https:\/\/www.sdapakuote.lt\/en\/wp-json\/wp\/v2\/media?parent=1947"}],"curies":[{"name":"wp","href":"https:\/\/api.w.org\/{rel}","templated":true}]}}