{"id":1943,"date":"2021-12-13T13:38:48","date_gmt":"2021-12-13T13:38:48","guid":{"rendered":"https:\/\/www.sdapakuote.lt\/products\/auxiliary-packing-materials\/kartono-drozles-uzpildams\/"},"modified":"2023-01-26T08:32:56","modified_gmt":"2023-01-26T08:32:56","slug":"cardboard-chips-for-filling","status":"publish","type":"page","link":"https:\/\/www.sdapakuote.lt\/en\/products\/auxiliary-packing-materials\/cardboard-chips-for-filling\/","title":{"rendered":"Cardboard chips (for filling)"},"content":{"rendered":"<p>We sell brown and green cardboard chips. For filling packages, gifts. Cardboard chips are sold in boxes of 1 kg and in packages of 50 g. We can pack the chips according to your desired weight.<\/p>\n<p id=\"tw-target-text\" class=\"tw-data-text tw-text-large tw-ta\" dir=\"ltr\" data-placeholder=\"Translation\"><span class=\"Y2IQFc\" lang=\"en\">Standard packages, in retail quantities, can be purchased in our online store. For larger or non-standard quantities, contact us by e-mail: vadyba@sdapakuote.lt<\/span><\/p>\n","protected":false},"excerpt":{"rendered":"<p>We sell brown and green cardboard chips. For filling packages, gifts. Cardboard chips are sold in boxes of 1 kg and in packages of 50 g. We can pack the chips according to your desired weight. Standard packages, in retail quantities, can be purchased in our online store. For larger or non-standard quantities, contact us [&hellip;]<\/p>\n","protected":false},"author":2,"featured_media":1360,"parent":1901,"menu_order":0,"comment_status":"closed","ping_status":"closed","template":"page-single-product.php","meta":{"_acf_changed":false,"footnotes":""},"class_list":["post-1943","page","type-page","status-publish","has-post-thumbnail","hentry"],"acf":[],"yoast_head":"<!-- This site is optimized with the Yoast SEO plugin v27.5 - https:\/\/yoast.com\/product\/yoast-seo-wordpress\/ -->\n<title>Cardboard chips (for filling) - sdapakuote.lt<\/title>\n<meta name=\"description\" content=\"Prekiaujame kartono dro\u017el\u0117mis rudos, bei \u017ealios spalvos. Skirtomis pakuo\u010di\u0173, dovan\u0173 t\u016briniam u\u017epildymui.\" \/>\n<meta name=\"robots\" content=\"index, follow, max-snippet:-1, max-image-preview:large, max-video-preview:-1\" \/>\n<link rel=\"canonical\" href=\"https:\/\/www.sdapakuote.lt\/en\/products\/auxiliary-packing-materials\/cardboard-chips-for-filling\/\" \/>\n<meta property=\"og:locale\" content=\"en_US\" \/>\n<meta property=\"og:type\" content=\"article\" \/>\n<meta property=\"og:title\" content=\"Cardboard chips (for filling) - sdapakuote.lt\" \/>\n<meta property=\"og:description\" content=\"Prekiaujame kartono dro\u017el\u0117mis rudos, bei \u017ealios spalvos. Skirtomis pakuo\u010di\u0173, dovan\u0173 t\u016briniam u\u017epildymui.\" \/>\n<meta property=\"og:url\" content=\"https:\/\/www.sdapakuote.lt\/en\/products\/auxiliary-packing-materials\/cardboard-chips-for-filling\/\" \/>\n<meta property=\"og:site_name\" content=\"sdapakuote.lt\" \/>\n<meta property=\"article:modified_time\" content=\"2023-01-26T08:32:56+00:00\" \/>\n<meta property=\"og:image\" content=\"https:\/\/www.sdapakuote.lt\/wp-content\/uploads\/2021\/12\/Kartono-drozles-scaled.jpg\" \/>\n\t<meta property=\"og:image:width\" content=\"2560\" \/>\n\t<meta property=\"og:image:height\" content=\"1550\" \/>\n\t<meta property=\"og:image:type\" content=\"image\/jpeg\" \/>\n<meta name=\"twitter:card\" content=\"summary_large_image\" \/>\n<meta name=\"twitter:label1\" content=\"Est. reading time\" \/>\n\t<meta name=\"twitter:data1\" content=\"1 minute\" \/>\n<script type=\"application\/ld+json\" class=\"yoast-schema-graph\">{\"@context\":\"https:\\\/\\\/schema.org\",\"@graph\":[{\"@type\":\"WebPage\",\"@id\":\"https:\\\/\\\/www.sdapakuote.lt\\\/en\\\/products\\\/auxiliary-packing-materials\\\/cardboard-chips-for-filling\\\/\",\"url\":\"https:\\\/\\\/www.sdapakuote.lt\\\/en\\\/products\\\/auxiliary-packing-materials\\\/cardboard-chips-for-filling\\\/\",\"name\":\"Cardboard chips (for filling) - sdapakuote.lt\",\"isPartOf\":{\"@id\":\"https:\\\/\\\/www.sdapakuote.lt\\\/en\\\/#website\"},\"primaryImageOfPage\":{\"@id\":\"https:\\\/\\\/www.sdapakuote.lt\\\/en\\\/products\\\/auxiliary-packing-materials\\\/cardboard-chips-for-filling\\\/#primaryimage\"},\"image\":{\"@id\":\"https:\\\/\\\/www.sdapakuote.lt\\\/en\\\/products\\\/auxiliary-packing-materials\\\/cardboard-chips-for-filling\\\/#primaryimage\"},\"thumbnailUrl\":\"https:\\\/\\\/www.sdapakuote.lt\\\/wp-content\\\/uploads\\\/2021\\\/12\\\/Kartono-drozles-scaled.jpg\",\"datePublished\":\"2021-12-13T13:38:48+00:00\",\"dateModified\":\"2023-01-26T08:32:56+00:00\",\"description\":\"Prekiaujame kartono dro\u017el\u0117mis rudos, bei \u017ealios spalvos. Skirtomis pakuo\u010di\u0173, dovan\u0173 t\u016briniam u\u017epildymui.\",\"breadcrumb\":{\"@id\":\"https:\\\/\\\/www.sdapakuote.lt\\\/en\\\/products\\\/auxiliary-packing-materials\\\/cardboard-chips-for-filling\\\/#breadcrumb\"},\"inLanguage\":\"en-US\",\"potentialAction\":[{\"@type\":\"ReadAction\",\"target\":[\"https:\\\/\\\/www.sdapakuote.lt\\\/en\\\/products\\\/auxiliary-packing-materials\\\/cardboard-chips-for-filling\\\/\"]}]},{\"@type\":\"ImageObject\",\"inLanguage\":\"en-US\",\"@id\":\"https:\\\/\\\/www.sdapakuote.lt\\\/en\\\/products\\\/auxiliary-packing-materials\\\/cardboard-chips-for-filling\\\/#primaryimage\",\"url\":\"https:\\\/\\\/www.sdapakuote.lt\\\/wp-content\\\/uploads\\\/2021\\\/12\\\/Kartono-drozles-scaled.jpg\",\"contentUrl\":\"https:\\\/\\\/www.sdapakuote.lt\\\/wp-content\\\/uploads\\\/2021\\\/12\\\/Kartono-drozles-scaled.jpg\",\"width\":2560,\"height\":1550,\"caption\":\"Kartono dro\u017el\u0117s\"},{\"@type\":\"BreadcrumbList\",\"@id\":\"https:\\\/\\\/www.sdapakuote.lt\\\/en\\\/products\\\/auxiliary-packing-materials\\\/cardboard-chips-for-filling\\\/#breadcrumb\",\"itemListElement\":[{\"@type\":\"ListItem\",\"position\":1,\"name\":\"Home\",\"item\":\"https:\\\/\\\/www.sdapakuote.lt\\\/en\\\/\"},{\"@type\":\"ListItem\",\"position\":2,\"name\":\"Products\",\"item\":\"https:\\\/\\\/www.sdapakuote.lt\\\/en\\\/products\\\/\"},{\"@type\":\"ListItem\",\"position\":3,\"name\":\"Auxiliary packing materials\",\"item\":\"https:\\\/\\\/www.sdapakuote.lt\\\/en\\\/products\\\/auxiliary-packing-materials\\\/\"},{\"@type\":\"ListItem\",\"position\":4,\"name\":\"Cardboard chips (for filling)\"}]},{\"@type\":\"WebSite\",\"@id\":\"https:\\\/\\\/www.sdapakuote.lt\\\/en\\\/#website\",\"url\":\"https:\\\/\\\/www.sdapakuote.lt\\\/en\\\/\",\"name\":\"sdapakuote.lt\",\"description\":\"Kol kas tik dar vienas WordPress tinklalapis\",\"potentialAction\":[{\"@type\":\"SearchAction\",\"target\":{\"@type\":\"EntryPoint\",\"urlTemplate\":\"https:\\\/\\\/www.sdapakuote.lt\\\/en\\\/?s={search_term_string}\"},\"query-input\":{\"@type\":\"PropertyValueSpecification\",\"valueRequired\":true,\"valueName\":\"search_term_string\"}}],\"inLanguage\":\"en-US\"}]}<\/script>\n<!-- \/ Yoast SEO plugin. -->","yoast_head_json":{"title":"Cardboard chips (for filling) - sdapakuote.lt","description":"Prekiaujame kartono dro\u017el\u0117mis rudos, bei \u017ealios spalvos. Skirtomis pakuo\u010di\u0173, dovan\u0173 t\u016briniam u\u017epildymui.","robots":{"index":"index","follow":"follow","max-snippet":"max-snippet:-1","max-image-preview":"max-image-preview:large","max-video-preview":"max-video-preview:-1"},"canonical":"https:\/\/www.sdapakuote.lt\/en\/products\/auxiliary-packing-materials\/cardboard-chips-for-filling\/","og_locale":"en_US","og_type":"article","og_title":"Cardboard chips (for filling) - sdapakuote.lt","og_description":"Prekiaujame kartono dro\u017el\u0117mis rudos, bei \u017ealios spalvos. Skirtomis pakuo\u010di\u0173, dovan\u0173 t\u016briniam u\u017epildymui.","og_url":"https:\/\/www.sdapakuote.lt\/en\/products\/auxiliary-packing-materials\/cardboard-chips-for-filling\/","og_site_name":"sdapakuote.lt","article_modified_time":"2023-01-26T08:32:56+00:00","og_image":[{"width":2560,"height":1550,"url":"https:\/\/www.sdapakuote.lt\/wp-content\/uploads\/2021\/12\/Kartono-drozles-scaled.jpg","type":"image\/jpeg"}],"twitter_card":"summary_large_image","twitter_misc":{"Est. reading time":"1 minute"},"schema":{"@context":"https:\/\/schema.org","@graph":[{"@type":"WebPage","@id":"https:\/\/www.sdapakuote.lt\/en\/products\/auxiliary-packing-materials\/cardboard-chips-for-filling\/","url":"https:\/\/www.sdapakuote.lt\/en\/products\/auxiliary-packing-materials\/cardboard-chips-for-filling\/","name":"Cardboard chips (for filling) - sdapakuote.lt","isPartOf":{"@id":"https:\/\/www.sdapakuote.lt\/en\/#website"},"primaryImageOfPage":{"@id":"https:\/\/www.sdapakuote.lt\/en\/products\/auxiliary-packing-materials\/cardboard-chips-for-filling\/#primaryimage"},"image":{"@id":"https:\/\/www.sdapakuote.lt\/en\/products\/auxiliary-packing-materials\/cardboard-chips-for-filling\/#primaryimage"},"thumbnailUrl":"https:\/\/www.sdapakuote.lt\/wp-content\/uploads\/2021\/12\/Kartono-drozles-scaled.jpg","datePublished":"2021-12-13T13:38:48+00:00","dateModified":"2023-01-26T08:32:56+00:00","description":"Prekiaujame kartono dro\u017el\u0117mis rudos, bei \u017ealios spalvos. Skirtomis pakuo\u010di\u0173, dovan\u0173 t\u016briniam u\u017epildymui.","breadcrumb":{"@id":"https:\/\/www.sdapakuote.lt\/en\/products\/auxiliary-packing-materials\/cardboard-chips-for-filling\/#breadcrumb"},"inLanguage":"en-US","potentialAction":[{"@type":"ReadAction","target":["https:\/\/www.sdapakuote.lt\/en\/products\/auxiliary-packing-materials\/cardboard-chips-for-filling\/"]}]},{"@type":"ImageObject","inLanguage":"en-US","@id":"https:\/\/www.sdapakuote.lt\/en\/products\/auxiliary-packing-materials\/cardboard-chips-for-filling\/#primaryimage","url":"https:\/\/www.sdapakuote.lt\/wp-content\/uploads\/2021\/12\/Kartono-drozles-scaled.jpg","contentUrl":"https:\/\/www.sdapakuote.lt\/wp-content\/uploads\/2021\/12\/Kartono-drozles-scaled.jpg","width":2560,"height":1550,"caption":"Kartono dro\u017el\u0117s"},{"@type":"BreadcrumbList","@id":"https:\/\/www.sdapakuote.lt\/en\/products\/auxiliary-packing-materials\/cardboard-chips-for-filling\/#breadcrumb","itemListElement":[{"@type":"ListItem","position":1,"name":"Home","item":"https:\/\/www.sdapakuote.lt\/en\/"},{"@type":"ListItem","position":2,"name":"Products","item":"https:\/\/www.sdapakuote.lt\/en\/products\/"},{"@type":"ListItem","position":3,"name":"Auxiliary packing materials","item":"https:\/\/www.sdapakuote.lt\/en\/products\/auxiliary-packing-materials\/"},{"@type":"ListItem","position":4,"name":"Cardboard chips (for filling)"}]},{"@type":"WebSite","@id":"https:\/\/www.sdapakuote.lt\/en\/#website","url":"https:\/\/www.sdapakuote.lt\/en\/","name":"sdapakuote.lt","description":"Kol kas tik dar vienas WordPress tinklalapis","potentialAction":[{"@type":"SearchAction","target":{"@type":"EntryPoint","urlTemplate":"https:\/\/www.sdapakuote.lt\/en\/?s={search_term_string}"},"query-input":{"@type":"PropertyValueSpecification","valueRequired":true,"valueName":"search_term_string"}}],"inLanguage":"en-US"}]}},"_links":{"self":[{"href":"https:\/\/www.sdapakuote.lt\/en\/wp-json\/wp\/v2\/pages\/1943","targetHints":{"allow":["GET"]}}],"collection":[{"href":"https:\/\/www.sdapakuote.lt\/en\/wp-json\/wp\/v2\/pages"}],"about":[{"href":"https:\/\/www.sdapakuote.lt\/en\/wp-json\/wp\/v2\/types\/page"}],"author":[{"embeddable":true,"href":"https:\/\/www.sdapakuote.lt\/en\/wp-json\/wp\/v2\/users\/2"}],"replies":[{"embeddable":true,"href":"https:\/\/www.sdapakuote.lt\/en\/wp-json\/wp\/v2\/comments?post=1943"}],"version-history":[{"count":0,"href":"https:\/\/www.sdapakuote.lt\/en\/wp-json\/wp\/v2\/pages\/1943\/revisions"}],"up":[{"embeddable":true,"href":"https:\/\/www.sdapakuote.lt\/en\/wp-json\/wp\/v2\/pages\/1901"}],"wp:featuredmedia":[{"embeddable":true,"href":"https:\/\/www.sdapakuote.lt\/en\/wp-json\/wp\/v2\/media\/1360"}],"wp:attachment":[{"href":"https:\/\/www.sdapakuote.lt\/en\/wp-json\/wp\/v2\/media?parent=1943"}],"curies":[{"name":"wp","href":"https:\/\/api.w.org\/{rel}","templated":true}]}}