{"id":1802,"date":"2021-09-16T07:38:49","date_gmt":"2021-09-16T07:38:49","guid":{"rendered":"https:\/\/www.sdapakuote.lt\/polietileno-pleveliu-gamyba\/"},"modified":"2023-01-26T08:21:34","modified_gmt":"2023-01-26T08:21:34","slug":"manufacture-of-polyethylene-films","status":"publish","type":"page","link":"https:\/\/www.sdapakuote.lt\/en\/manufacture-of-polyethylene-films\/","title":{"rendered":"Manufacture of polyethylene films"},"content":{"rendered":"<p id=\"tw-target-text\" class=\"tw-data-text tw-text-large tw-ta\" dir=\"ltr\" style=\"text-align: center;\" data-placeholder=\"Translation\"><strong><span class=\"Y2IQFc\" lang=\"en\">What kind of films do we produce?<\/span><\/strong><\/p>\n<p id=\"tw-target-text\" class=\"tw-data-text tw-text-large tw-ta\" dir=\"ltr\" style=\"text-align: center;\" data-placeholder=\"Translation\"><span class=\"Y2IQFc\" lang=\"en\">We produce various types of polyethylene film (HDPE, LDPE, MDPE). We also supply CPP and BOPP type of film. The films can be transparent, translucent, white, blue or the colors you want from the selected range.<\/span><\/p>\n<p id=\"tw-target-text\" class=\"tw-data-text tw-text-large tw-ta\" dir=\"ltr\" style=\"text-align: center;\" data-placeholder=\"Translation\"><strong><span class=\"Y2IQFc\" lang=\"en\">What width and thickness of films can we produce?<\/span>\u00a0<\/strong><\/p>\n<p id=\"tw-target-text\" class=\"tw-data-text tw-text-large tw-ta\" dir=\"ltr\" style=\"text-align: center;\" data-placeholder=\"Translation\"><span class=\"Y2IQFc\" lang=\"en\">Our production capacity, depending on the film format, allows us to produce films from 10 cm to 2.40 meters wide. We can offer our customers polyethylene film from 10 microns to 150 microns thick. <\/span><\/p>\n<p class=\"tw-data-text tw-text-large tw-ta\" dir=\"ltr\" style=\"text-align: center;\" data-placeholder=\"Translation\"><strong><em><span class=\"Y2IQFc\" lang=\"en\">The formats of the films we produce.<\/span><\/em><\/strong><\/p>\n<p style=\"text-align: center;\">\u00a0<\/p>\n<p id=\"tw-target-text\" class=\"tw-data-text tw-text-large tw-ta\" dir=\"ltr\" data-placeholder=\"Translation\"><strong><span class=\"Y2IQFc\" lang=\"en\">Polyethylene sleeve.<\/span><\/strong><\/p>\n<p id=\"tw-target-text\" class=\"tw-data-text tw-text-large tw-ta\" dir=\"ltr\" data-placeholder=\"Translation\"><span class=\"Y2IQFc\" lang=\"en\">It is a polyethylene film of the sleeve type . We can produce films from 10 microns to 150 microns thick. Available width from 10 cm to 110 cm. The film is wound on a reel &#8211; weight according to the customer&#8217;s needs.<\/span><\/p>\n<p><strong>Polyethylene film with inner folds.<\/strong><\/p>\n<p id=\"tw-target-text\" class=\"tw-data-text tw-text-large tw-ta\" dir=\"ltr\" data-placeholder=\"Translation\"><span class=\"Y2IQFc\" lang=\"en\">Or otherwise known as &#8220;gusset&#8221; from both sides of the film. We can produce films with a thickness of 10 microns to 120 microns. The width is available from 10 cm to 150 cm. The film is wound on a reel &#8211; weight according to the customer&#8217;s needs.<\/span><\/p>\n<p id=\"tw-target-text\" class=\"tw-data-text tw-text-large tw-ta\" dir=\"ltr\" data-placeholder=\"Translation\"><strong><span class=\"Y2IQFc\" lang=\"en\">Polyethylene film of the semi-sleeve type.<\/span><\/strong><\/p>\n<p id=\"tw-target-text\" class=\"tw-data-text tw-text-large tw-ta\" dir=\"ltr\" data-placeholder=\"Translation\"><span class=\"Y2IQFc\" lang=\"en\">One side of the film is cut. We can produce films from 10 microns to 150 microns thick. Available width from 10 cm to 110 cm. The film is wound on a reel &#8211; weight according to the customer&#8217;s needs. <\/span><\/p>\n<p class=\"tw-data-text tw-text-large tw-ta\" dir=\"ltr\" data-placeholder=\"Translation\"><span class=\"Y2IQFc\" lang=\"en\">We can also offer not only HDPE, LDPE, MDPE films of this type, but also CPP and BOPP.<\/span><\/p>\n<p><strong>Polyethylene tape.<\/strong><\/p>\n<p id=\"tw-target-text\" class=\"tw-data-text tw-text-large tw-ta\" dir=\"ltr\" data-placeholder=\"Translation\"><span class=\"Y2IQFc\" lang=\"en\">We can produce films from 10 microns to 150 microns thick. Available width from 10 cm to 240 cm. The film is wound on a reel &#8211; weight according to the customer&#8217;s needs. We can also offer not only HDPE, LDPE, MDPE films of this type, but also CPP and BOPP.<\/span><\/p>\n<p>&nbsp;<\/p>\n","protected":false},"excerpt":{"rendered":"<p>What kind of films do we produce? We produce various types of polyethylene film (HDPE, LDPE, MDPE). We also supply CPP and BOPP type of film. The films can be transparent, translucent, white, blue or the colors you want from the selected range. What width and thickness of films can we produce?\u00a0 Our production capacity, [&hellip;]<\/p>\n","protected":false},"author":1,"featured_media":0,"parent":0,"menu_order":0,"comment_status":"closed","ping_status":"closed","template":"page-service.php","meta":{"_acf_changed":false,"footnotes":""},"class_list":["post-1802","page","type-page","status-publish","hentry"],"acf":[],"yoast_head":"<!-- This site is optimized with the Yoast SEO plugin v27.4 - https:\/\/yoast.com\/product\/yoast-seo-wordpress\/ -->\n<title>Manufacture of polyethylene films - sdapakuote.lt<\/title>\n<meta name=\"description\" content=\"Polietileno pleveli\u0173 gamyba, HDPE, MDPE, LDPE pleveli\u0173 gamyba, Nestandartin\u0117s polietileno pl\u0117vel\u0117s, pl\u0117veli\u0173 liejimas\" \/>\n<meta name=\"robots\" content=\"index, follow, max-snippet:-1, max-image-preview:large, max-video-preview:-1\" \/>\n<link rel=\"canonical\" href=\"https:\/\/www.sdapakuote.lt\/en\/manufacture-of-polyethylene-films\/\" \/>\n<meta property=\"og:locale\" content=\"en_US\" \/>\n<meta property=\"og:type\" content=\"article\" \/>\n<meta property=\"og:title\" content=\"Manufacture of polyethylene films - sdapakuote.lt\" \/>\n<meta property=\"og:description\" content=\"Polietileno pleveli\u0173 gamyba, HDPE, MDPE, LDPE pleveli\u0173 gamyba, Nestandartin\u0117s polietileno pl\u0117vel\u0117s, pl\u0117veli\u0173 liejimas\" \/>\n<meta property=\"og:url\" content=\"https:\/\/www.sdapakuote.lt\/en\/manufacture-of-polyethylene-films\/\" \/>\n<meta property=\"og:site_name\" content=\"sdapakuote.lt\" \/>\n<meta property=\"article:modified_time\" content=\"2023-01-26T08:21:34+00:00\" \/>\n<meta name=\"twitter:card\" content=\"summary_large_image\" \/>\n<meta name=\"twitter:label1\" content=\"Est. reading time\" \/>\n\t<meta name=\"twitter:data1\" content=\"2 minutes\" \/>\n<script type=\"application\/ld+json\" class=\"yoast-schema-graph\">{\"@context\":\"https:\\\/\\\/schema.org\",\"@graph\":[{\"@type\":\"WebPage\",\"@id\":\"https:\\\/\\\/www.sdapakuote.lt\\\/en\\\/manufacture-of-polyethylene-films\\\/\",\"url\":\"https:\\\/\\\/www.sdapakuote.lt\\\/en\\\/manufacture-of-polyethylene-films\\\/\",\"name\":\"Manufacture of polyethylene films - sdapakuote.lt\",\"isPartOf\":{\"@id\":\"https:\\\/\\\/www.sdapakuote.lt\\\/en\\\/#website\"},\"datePublished\":\"2021-09-16T07:38:49+00:00\",\"dateModified\":\"2023-01-26T08:21:34+00:00\",\"description\":\"Polietileno pleveli\u0173 gamyba, HDPE, MDPE, LDPE pleveli\u0173 gamyba, Nestandartin\u0117s polietileno pl\u0117vel\u0117s, pl\u0117veli\u0173 liejimas\",\"breadcrumb\":{\"@id\":\"https:\\\/\\\/www.sdapakuote.lt\\\/en\\\/manufacture-of-polyethylene-films\\\/#breadcrumb\"},\"inLanguage\":\"en-US\",\"potentialAction\":[{\"@type\":\"ReadAction\",\"target\":[\"https:\\\/\\\/www.sdapakuote.lt\\\/en\\\/manufacture-of-polyethylene-films\\\/\"]}]},{\"@type\":\"BreadcrumbList\",\"@id\":\"https:\\\/\\\/www.sdapakuote.lt\\\/en\\\/manufacture-of-polyethylene-films\\\/#breadcrumb\",\"itemListElement\":[{\"@type\":\"ListItem\",\"position\":1,\"name\":\"Home\",\"item\":\"https:\\\/\\\/www.sdapakuote.lt\\\/en\\\/\"},{\"@type\":\"ListItem\",\"position\":2,\"name\":\"Manufacture of polyethylene films\"}]},{\"@type\":\"WebSite\",\"@id\":\"https:\\\/\\\/www.sdapakuote.lt\\\/en\\\/#website\",\"url\":\"https:\\\/\\\/www.sdapakuote.lt\\\/en\\\/\",\"name\":\"sdapakuote.lt\",\"description\":\"Kol kas tik dar vienas WordPress tinklalapis\",\"potentialAction\":[{\"@type\":\"SearchAction\",\"target\":{\"@type\":\"EntryPoint\",\"urlTemplate\":\"https:\\\/\\\/www.sdapakuote.lt\\\/en\\\/?s={search_term_string}\"},\"query-input\":{\"@type\":\"PropertyValueSpecification\",\"valueRequired\":true,\"valueName\":\"search_term_string\"}}],\"inLanguage\":\"en-US\"}]}<\/script>\n<!-- \/ Yoast SEO plugin. -->","yoast_head_json":{"title":"Manufacture of polyethylene films - sdapakuote.lt","description":"Polietileno pleveli\u0173 gamyba, HDPE, MDPE, LDPE pleveli\u0173 gamyba, Nestandartin\u0117s polietileno pl\u0117vel\u0117s, pl\u0117veli\u0173 liejimas","robots":{"index":"index","follow":"follow","max-snippet":"max-snippet:-1","max-image-preview":"max-image-preview:large","max-video-preview":"max-video-preview:-1"},"canonical":"https:\/\/www.sdapakuote.lt\/en\/manufacture-of-polyethylene-films\/","og_locale":"en_US","og_type":"article","og_title":"Manufacture of polyethylene films - sdapakuote.lt","og_description":"Polietileno pleveli\u0173 gamyba, HDPE, MDPE, LDPE pleveli\u0173 gamyba, Nestandartin\u0117s polietileno pl\u0117vel\u0117s, pl\u0117veli\u0173 liejimas","og_url":"https:\/\/www.sdapakuote.lt\/en\/manufacture-of-polyethylene-films\/","og_site_name":"sdapakuote.lt","article_modified_time":"2023-01-26T08:21:34+00:00","twitter_card":"summary_large_image","twitter_misc":{"Est. reading time":"2 minutes"},"schema":{"@context":"https:\/\/schema.org","@graph":[{"@type":"WebPage","@id":"https:\/\/www.sdapakuote.lt\/en\/manufacture-of-polyethylene-films\/","url":"https:\/\/www.sdapakuote.lt\/en\/manufacture-of-polyethylene-films\/","name":"Manufacture of polyethylene films - sdapakuote.lt","isPartOf":{"@id":"https:\/\/www.sdapakuote.lt\/en\/#website"},"datePublished":"2021-09-16T07:38:49+00:00","dateModified":"2023-01-26T08:21:34+00:00","description":"Polietileno pleveli\u0173 gamyba, HDPE, MDPE, LDPE pleveli\u0173 gamyba, Nestandartin\u0117s polietileno pl\u0117vel\u0117s, pl\u0117veli\u0173 liejimas","breadcrumb":{"@id":"https:\/\/www.sdapakuote.lt\/en\/manufacture-of-polyethylene-films\/#breadcrumb"},"inLanguage":"en-US","potentialAction":[{"@type":"ReadAction","target":["https:\/\/www.sdapakuote.lt\/en\/manufacture-of-polyethylene-films\/"]}]},{"@type":"BreadcrumbList","@id":"https:\/\/www.sdapakuote.lt\/en\/manufacture-of-polyethylene-films\/#breadcrumb","itemListElement":[{"@type":"ListItem","position":1,"name":"Home","item":"https:\/\/www.sdapakuote.lt\/en\/"},{"@type":"ListItem","position":2,"name":"Manufacture of polyethylene films"}]},{"@type":"WebSite","@id":"https:\/\/www.sdapakuote.lt\/en\/#website","url":"https:\/\/www.sdapakuote.lt\/en\/","name":"sdapakuote.lt","description":"Kol kas tik dar vienas WordPress tinklalapis","potentialAction":[{"@type":"SearchAction","target":{"@type":"EntryPoint","urlTemplate":"https:\/\/www.sdapakuote.lt\/en\/?s={search_term_string}"},"query-input":{"@type":"PropertyValueSpecification","valueRequired":true,"valueName":"search_term_string"}}],"inLanguage":"en-US"}]}},"_links":{"self":[{"href":"https:\/\/www.sdapakuote.lt\/en\/wp-json\/wp\/v2\/pages\/1802","targetHints":{"allow":["GET"]}}],"collection":[{"href":"https:\/\/www.sdapakuote.lt\/en\/wp-json\/wp\/v2\/pages"}],"about":[{"href":"https:\/\/www.sdapakuote.lt\/en\/wp-json\/wp\/v2\/types\/page"}],"author":[{"embeddable":true,"href":"https:\/\/www.sdapakuote.lt\/en\/wp-json\/wp\/v2\/users\/1"}],"replies":[{"embeddable":true,"href":"https:\/\/www.sdapakuote.lt\/en\/wp-json\/wp\/v2\/comments?post=1802"}],"version-history":[{"count":3,"href":"https:\/\/www.sdapakuote.lt\/en\/wp-json\/wp\/v2\/pages\/1802\/revisions"}],"predecessor-version":[{"id":2687,"href":"https:\/\/www.sdapakuote.lt\/en\/wp-json\/wp\/v2\/pages\/1802\/revisions\/2687"}],"wp:attachment":[{"href":"https:\/\/www.sdapakuote.lt\/en\/wp-json\/wp\/v2\/media?parent=1802"}],"curies":[{"name":"wp","href":"https:\/\/api.w.org\/{rel}","templated":true}]}}