{"id":1796,"date":"2021-09-16T07:38:22","date_gmt":"2021-09-16T07:38:22","guid":{"rendered":"https:\/\/www.sdapakuote.lt\/polietileno-maiseliu-gamyba\/"},"modified":"2023-01-26T07:54:39","modified_gmt":"2023-01-26T07:54:39","slug":"manufacture-of-polyethylene-bags","status":"publish","type":"page","link":"https:\/\/www.sdapakuote.lt\/en\/manufacture-of-polyethylene-bags\/","title":{"rendered":"Manufacture of polyethylene bags"},"content":{"rendered":"<h3 id=\"tw-target-text\" class=\"tw-data-text tw-text-large tw-ta\" dir=\"ltr\" style=\"text-align: center;\" data-placeholder=\"Translation\"><span class=\"Y2IQFc\" lang=\"en\">What type of bags do we produce<\/span><span class=\"Y2IQFc\" lang=\"en\">?<\/span><\/h3>\n<p id=\"tw-target-text\" class=\"tw-data-text tw-text-large tw-ta\" dir=\"ltr\" style=\"text-align: center;\" data-placeholder=\"Translation\"><span class=\"Y2IQFc\" lang=\"en\">The range of polyethylene bags we produce is very wide, from bags for earrings or stickers to large bags for granules.<\/span><\/p>\n<p style=\"text-align: center;\">We produce: HDPE, LDPE, MDPE, CPP, BOPP types of bags.<\/p>\n","protected":false},"excerpt":{"rendered":"<p>What type of bags do we produce? The range of polyethylene bags we produce is very wide, from bags for earrings or stickers to large bags for granules. We produce: HDPE, LDPE, MDPE, CPP, BOPP types of bags.<\/p>\n","protected":false},"author":1,"featured_media":0,"parent":0,"menu_order":0,"comment_status":"closed","ping_status":"closed","template":"page-service.php","meta":{"_acf_changed":false,"footnotes":""},"class_list":["post-1796","page","type-page","status-publish","hentry"],"acf":[],"yoast_head":"<!-- This site is optimized with the Yoast SEO plugin v27.4 - https:\/\/yoast.com\/product\/yoast-seo-wordpress\/ -->\n<title>Manufacture of polyethylene bags - sdapakuote.lt<\/title>\n<meta name=\"description\" content=\"Polietileno mai\u0161eli\u0173 individuali gamyba. Visa m\u016bs\u0173 gaminama produkcija yra nestandartin\u0117 ir pritaikyta m\u016bs\u0173 klientams, pagal j\u0173 poreik\u012f.\" \/>\n<meta name=\"robots\" content=\"index, follow, max-snippet:-1, max-image-preview:large, max-video-preview:-1\" \/>\n<link rel=\"canonical\" href=\"https:\/\/www.sdapakuote.lt\/en\/manufacture-of-polyethylene-bags\/\" \/>\n<meta property=\"og:locale\" content=\"en_US\" \/>\n<meta property=\"og:type\" content=\"article\" \/>\n<meta property=\"og:title\" content=\"Manufacture of polyethylene bags - sdapakuote.lt\" \/>\n<meta property=\"og:description\" content=\"Polietileno mai\u0161eli\u0173 individuali gamyba. Visa m\u016bs\u0173 gaminama produkcija yra nestandartin\u0117 ir pritaikyta m\u016bs\u0173 klientams, pagal j\u0173 poreik\u012f.\" \/>\n<meta property=\"og:url\" content=\"https:\/\/www.sdapakuote.lt\/en\/manufacture-of-polyethylene-bags\/\" \/>\n<meta property=\"og:site_name\" content=\"sdapakuote.lt\" \/>\n<meta property=\"article:modified_time\" content=\"2023-01-26T07:54:39+00:00\" \/>\n<meta name=\"twitter:card\" content=\"summary_large_image\" \/>\n<meta name=\"twitter:label1\" content=\"Est. reading time\" \/>\n\t<meta name=\"twitter:data1\" content=\"1 minute\" \/>\n<script type=\"application\/ld+json\" class=\"yoast-schema-graph\">{\"@context\":\"https:\\\/\\\/schema.org\",\"@graph\":[{\"@type\":\"WebPage\",\"@id\":\"https:\\\/\\\/www.sdapakuote.lt\\\/en\\\/manufacture-of-polyethylene-bags\\\/\",\"url\":\"https:\\\/\\\/www.sdapakuote.lt\\\/en\\\/manufacture-of-polyethylene-bags\\\/\",\"name\":\"Manufacture of polyethylene bags - sdapakuote.lt\",\"isPartOf\":{\"@id\":\"https:\\\/\\\/www.sdapakuote.lt\\\/en\\\/#website\"},\"datePublished\":\"2021-09-16T07:38:22+00:00\",\"dateModified\":\"2023-01-26T07:54:39+00:00\",\"description\":\"Polietileno mai\u0161eli\u0173 individuali gamyba. Visa m\u016bs\u0173 gaminama produkcija yra nestandartin\u0117 ir pritaikyta m\u016bs\u0173 klientams, pagal j\u0173 poreik\u012f.\",\"breadcrumb\":{\"@id\":\"https:\\\/\\\/www.sdapakuote.lt\\\/en\\\/manufacture-of-polyethylene-bags\\\/#breadcrumb\"},\"inLanguage\":\"en-US\",\"potentialAction\":[{\"@type\":\"ReadAction\",\"target\":[\"https:\\\/\\\/www.sdapakuote.lt\\\/en\\\/manufacture-of-polyethylene-bags\\\/\"]}]},{\"@type\":\"BreadcrumbList\",\"@id\":\"https:\\\/\\\/www.sdapakuote.lt\\\/en\\\/manufacture-of-polyethylene-bags\\\/#breadcrumb\",\"itemListElement\":[{\"@type\":\"ListItem\",\"position\":1,\"name\":\"Home\",\"item\":\"https:\\\/\\\/www.sdapakuote.lt\\\/en\\\/\"},{\"@type\":\"ListItem\",\"position\":2,\"name\":\"Manufacture of polyethylene bags\"}]},{\"@type\":\"WebSite\",\"@id\":\"https:\\\/\\\/www.sdapakuote.lt\\\/en\\\/#website\",\"url\":\"https:\\\/\\\/www.sdapakuote.lt\\\/en\\\/\",\"name\":\"sdapakuote.lt\",\"description\":\"Kol kas tik dar vienas WordPress tinklalapis\",\"potentialAction\":[{\"@type\":\"SearchAction\",\"target\":{\"@type\":\"EntryPoint\",\"urlTemplate\":\"https:\\\/\\\/www.sdapakuote.lt\\\/en\\\/?s={search_term_string}\"},\"query-input\":{\"@type\":\"PropertyValueSpecification\",\"valueRequired\":true,\"valueName\":\"search_term_string\"}}],\"inLanguage\":\"en-US\"}]}<\/script>\n<!-- \/ Yoast SEO plugin. -->","yoast_head_json":{"title":"Manufacture of polyethylene bags - sdapakuote.lt","description":"Polietileno mai\u0161eli\u0173 individuali gamyba. Visa m\u016bs\u0173 gaminama produkcija yra nestandartin\u0117 ir pritaikyta m\u016bs\u0173 klientams, pagal j\u0173 poreik\u012f.","robots":{"index":"index","follow":"follow","max-snippet":"max-snippet:-1","max-image-preview":"max-image-preview:large","max-video-preview":"max-video-preview:-1"},"canonical":"https:\/\/www.sdapakuote.lt\/en\/manufacture-of-polyethylene-bags\/","og_locale":"en_US","og_type":"article","og_title":"Manufacture of polyethylene bags - sdapakuote.lt","og_description":"Polietileno mai\u0161eli\u0173 individuali gamyba. Visa m\u016bs\u0173 gaminama produkcija yra nestandartin\u0117 ir pritaikyta m\u016bs\u0173 klientams, pagal j\u0173 poreik\u012f.","og_url":"https:\/\/www.sdapakuote.lt\/en\/manufacture-of-polyethylene-bags\/","og_site_name":"sdapakuote.lt","article_modified_time":"2023-01-26T07:54:39+00:00","twitter_card":"summary_large_image","twitter_misc":{"Est. reading time":"1 minute"},"schema":{"@context":"https:\/\/schema.org","@graph":[{"@type":"WebPage","@id":"https:\/\/www.sdapakuote.lt\/en\/manufacture-of-polyethylene-bags\/","url":"https:\/\/www.sdapakuote.lt\/en\/manufacture-of-polyethylene-bags\/","name":"Manufacture of polyethylene bags - sdapakuote.lt","isPartOf":{"@id":"https:\/\/www.sdapakuote.lt\/en\/#website"},"datePublished":"2021-09-16T07:38:22+00:00","dateModified":"2023-01-26T07:54:39+00:00","description":"Polietileno mai\u0161eli\u0173 individuali gamyba. Visa m\u016bs\u0173 gaminama produkcija yra nestandartin\u0117 ir pritaikyta m\u016bs\u0173 klientams, pagal j\u0173 poreik\u012f.","breadcrumb":{"@id":"https:\/\/www.sdapakuote.lt\/en\/manufacture-of-polyethylene-bags\/#breadcrumb"},"inLanguage":"en-US","potentialAction":[{"@type":"ReadAction","target":["https:\/\/www.sdapakuote.lt\/en\/manufacture-of-polyethylene-bags\/"]}]},{"@type":"BreadcrumbList","@id":"https:\/\/www.sdapakuote.lt\/en\/manufacture-of-polyethylene-bags\/#breadcrumb","itemListElement":[{"@type":"ListItem","position":1,"name":"Home","item":"https:\/\/www.sdapakuote.lt\/en\/"},{"@type":"ListItem","position":2,"name":"Manufacture of polyethylene bags"}]},{"@type":"WebSite","@id":"https:\/\/www.sdapakuote.lt\/en\/#website","url":"https:\/\/www.sdapakuote.lt\/en\/","name":"sdapakuote.lt","description":"Kol kas tik dar vienas WordPress tinklalapis","potentialAction":[{"@type":"SearchAction","target":{"@type":"EntryPoint","urlTemplate":"https:\/\/www.sdapakuote.lt\/en\/?s={search_term_string}"},"query-input":{"@type":"PropertyValueSpecification","valueRequired":true,"valueName":"search_term_string"}}],"inLanguage":"en-US"}]}},"_links":{"self":[{"href":"https:\/\/www.sdapakuote.lt\/en\/wp-json\/wp\/v2\/pages\/1796","targetHints":{"allow":["GET"]}}],"collection":[{"href":"https:\/\/www.sdapakuote.lt\/en\/wp-json\/wp\/v2\/pages"}],"about":[{"href":"https:\/\/www.sdapakuote.lt\/en\/wp-json\/wp\/v2\/types\/page"}],"author":[{"embeddable":true,"href":"https:\/\/www.sdapakuote.lt\/en\/wp-json\/wp\/v2\/users\/1"}],"replies":[{"embeddable":true,"href":"https:\/\/www.sdapakuote.lt\/en\/wp-json\/wp\/v2\/comments?post=1796"}],"version-history":[{"count":3,"href":"https:\/\/www.sdapakuote.lt\/en\/wp-json\/wp\/v2\/pages\/1796\/revisions"}],"predecessor-version":[{"id":2684,"href":"https:\/\/www.sdapakuote.lt\/en\/wp-json\/wp\/v2\/pages\/1796\/revisions\/2684"}],"wp:attachment":[{"href":"https:\/\/www.sdapakuote.lt\/en\/wp-json\/wp\/v2\/media?parent=1796"}],"curies":[{"name":"wp","href":"https:\/\/api.w.org\/{rel}","templated":true}]}}